{"id":537,"date":"2012-05-07T23:38:37","date_gmt":"2012-05-07T21:38:37","guid":{"rendered":"http:\/\/www.roadtopastry.com\/blog\/?page_id=537"},"modified":"2013-01-08T00:03:48","modified_gmt":"2013-01-07T23:03:48","slug":"pastry-cream-creme-patissiere","status":"publish","type":"page","link":"https:\/\/www.roadtopastry.com\/blog\/pastry-cream-creme-patissiere","title":{"rendered":"Pastry cream &#8211; Cr\u00e8me p\u00e2tissi\u00e8re"},"content":{"rendered":"<p>The queen of all creams is <strong>pastry cream<\/strong>. It is a <strong>stirred custard<\/strong> and its standard version requires the use of vanilla as flavouring.<\/p>\n<p>In a few words, the <strong>vanilla bean is infused in the hot milk<\/strong> which is used to <strong>temper a mixture of egg yolks<\/strong>, sugar and starch: the resulting mixture is put back on the heat until thickened.<\/p>\n<p>A small amount of <strong>starch is needed<\/strong> to thicken the cream: I used <strong>corn starch (Maizena)<\/strong> which is available practically everywhere. You can also use other starches like rice starch, but please <strong>don&#8217;t use flour<\/strong>: it might <strong>form lumps<\/strong> more easily, it is <strong>heavier<\/strong> and might leave a bad after taste.<\/p>\n<p><strong>Starch also protects the egg yolks from curdling<\/strong> so,\u00a0to exploit its thickening action, you can (and <strong>must<\/strong>!) <strong>boil the cream <\/strong>(trust me: raw starch is not good).<\/p>\n<p>Pastry cream is so <strong>famous<\/strong> because it is very versatile, <strong>can be flavoured with many ingredients <\/strong>(e.g. chocolate, liqueurs, spices, fruits, etc&#8230;) and can be <strong>used as a filling<\/strong> in many preparations: \u00e9clairs, choux, napoleons, tarts and pies&#8230;<\/p>\n<p>It is <strong>thick and rich<\/strong> (especially in cholesterol!) so a bit heavy, but you can just <strong>use it as a base for other creams<\/strong>. In particular:<\/p>\n<ul>\n<li>Pastry cream + whipped cream = <strong>Cr\u00e8me diplomate <\/strong>(e.g. for napoleons or tarts)<\/li>\n<li>Pastry cream + butter = <strong>Mousseline cream <\/strong>(e.g. for fraisiers)<\/li>\n<li>Pastry cream + Italian meringue = <strong>Cr\u00e8me Chiboust <\/strong>(e.g. for Saint-Honor\u00e9 cakes)<\/li>\n<\/ul>\n<p>&nbsp;<\/p>\n<div class=\"gmc-recipe\" id=\"gmc-print-511\" itemscope itemtype=\"http:\/\/schema.org\/Recipe\" style=\"\">\n                        <meta property=\"og:site_name\" content=\"https:\/\/www.roadtopastry.com\" \/>\n                <h2 class=\"gmc-recipe-title \" itemprop=\"name\">Pastry cream<\/h2>\n    <div class=\"gmc-print-area\">\n                \n            <a class=\"gmc-print-options gmc-print-hidden\" href=\"#\" id=\"gmc-print-options-511\"><img decoding=\"async\" src=\"https:\/\/www.roadtopastry.com\/blog\/wp-content\/plugins\/getmecooking-recipe-template\/images\/print.png\" title=\"\" alt=\"\" \/>Print recipe<\/a>\n            <ul class=\"gmc-print-options-box\" id=\"gmc-print-options-box-511\" style=\"display:none\">\n                                            <li>\n                        <a class=\"gmc-print-full gmc-print-hidden\" href=\"#\" id=\"gmc-print-full-511\">\n                          Print with all photos                        <\/a>          \n                    <\/li>                                                        <li>\n                        <a class=\"gmc-print-main gmc-print-hidden\" href=\"#\" id=\"gmc-print-main-511\">\n                          Print with main photo                        <\/a>          \n                    <\/li>                        <li>\n                    <a class=\"gmc-print-text gmc-print-hidden\" href=\"#\" id=\"gmc-print-text-511\">\n                        Print text only                      <\/a>        \n                <\/li>      \n            <\/ul>        <\/div>\n    <div class=\"gmc-clear-both\">\n    <\/div>\n    <div class=\"gmc-recipe-main-photo\">\n        <a class=\"\" href=\"https:\/\/www.roadtopastry.com\/blog\/wp-content\/uploads\/IMG_04191.jpg\" rel=\"gmc-recipe-511\">\n          <img decoding=\"async\" src=\"https:\/\/www.roadtopastry.com\/blog\/wp-content\/uploads\/IMG_04191-300x200.jpg\" class=\"attachment-medium size-medium wp-post-image\" alt=\"Pastry cream\" itemprop=\"image\" title=\"Pastry cream\" srcset=\"https:\/\/www.roadtopastry.com\/blog\/wp-content\/uploads\/IMG_04191-300x200.jpg 300w, https:\/\/www.roadtopastry.com\/blog\/wp-content\/uploads\/IMG_04191.jpg 640w\" sizes=\"(max-width: 300px) 100vw, 300px\" \/>        <\/a>  \n    <\/div>      <table class=\"gmc-recipe-summary\">\n                                                                                                                                                                                                        \n    <\/table>    \n                <div class=\"gmc-recipe-ingredients\">\n            <h2 class=\"gmc-recipe-subtitle\">\n                Ingredients            <\/h2>\n            \n                <table class=\"ingredients\">\n                                <tbody>\n                    \n                                                \n                            <!--<li class=\"gmc-ingredient-list-item\" itemprop=\"ingredients\"><\/li>  -->\n                            \n                                    <tr>    \n                                        <td class=\"amount\">250ml                                        <\/td>\n                                        <td class=\"ingredient\" class=\"ingredient-list-item\" itemprop=\"ingredients\">Milk                                        <\/td>\n                                    <\/tr>\n                                \n                        \n                                                \n                            <!--<li class=\"gmc-ingredient-list-item\" itemprop=\"ingredients\"><\/li>  -->\n                            \n                                    <tr>    \n                                        <td class=\"amount\">25g                                        <\/td>\n                                        <td class=\"ingredient\" class=\"ingredient-list-item\" itemprop=\"ingredients\">Granulated sugar                                        <\/td>\n                                    <\/tr>\n                                \n                        \n                                                \n                            <!--<li class=\"gmc-ingredient-list-item\" itemprop=\"ingredients\"><\/li>  -->\n                            \n                                    <tr>    \n                                        <td class=\"amount\">25g                                        <\/td>\n                                        <td class=\"ingredient\" class=\"ingredient-list-item\" itemprop=\"ingredients\">Granulated sugar                                        <\/td>\n                                    <\/tr>\n                                \n                        \n                                                \n                            <!--<li class=\"gmc-ingredient-list-item\" itemprop=\"ingredients\"><\/li>  -->\n                            \n                                    <tr>    \n                                        <td class=\"amount\">3                                        <\/td>\n                                        <td class=\"ingredient\" class=\"ingredient-list-item\" itemprop=\"ingredients\">Egg yolks                                        <\/td>\n                                    <\/tr>\n                                \n                        \n                                                \n                            <!--<li class=\"gmc-ingredient-list-item\" itemprop=\"ingredients\"><\/li>  -->\n                            \n                                    <tr>    \n                                        <td class=\"amount\">1\/2                                        <\/td>\n                                        <td class=\"ingredient\" class=\"ingredient-list-item\" itemprop=\"ingredients\">Vanilla bean                                        <\/td>\n                                    <\/tr>\n                                \n                        \n                                                \n                            <!--<li class=\"gmc-ingredient-list-item\" itemprop=\"ingredients\"><\/li>  -->\n                            \n                                    <tr>    \n                                        <td class=\"amount\">17g                                        <\/td>\n                                        <td class=\"ingredient\" class=\"ingredient-list-item\" itemprop=\"ingredients\">Corn starch                                        <\/td>\n                                    <\/tr>\n                                \n                        \n                                                \n                            <!--<li class=\"gmc-ingredient-list-item\" itemprop=\"ingredients\"><\/li>  -->\n                            \n                                    <tr>    \n                                        <td class=\"amount\">20g                                        <\/td>\n                                        <td class=\"ingredient\" class=\"ingredient-list-item\" itemprop=\"ingredients\">Butter                                        <\/td>\n                                    <\/tr>\n                                \n                                        <\/tbody>\n                            <\/table>              \n                        <\/div>          <div class=\"gmc-recipe-steps\">\n            <h3 class=\"gmc-recipe-subtitle\">\n            Directions            <\/h3>            \n                                                <!--<tr>\n                        <td>-->\n                                                              <!--<td>-->\n\n                                <div id=\"gmc-step-list-title-wide\" class=\"stepBlock\">\t\n                                    <div class=\"stepImage\">\n                                        <a class=\"\" href=\"https:\/\/www.roadtopastry.com\/blog\/wp-content\/uploads\/IMG_0402.jpg\" rel=\"gmc-recipe-511\">\n                                            <img decoding=\"async\" src=\"https:\/\/www.roadtopastry.com\/blog\/wp-content\/uploads\/IMG_0402-300x200.jpg\" class=\"gmc-step-photo wp-post-image\" alt=\"\" srcset=\"https:\/\/www.roadtopastry.com\/blog\/wp-content\/uploads\/IMG_0402-300x200.jpg 300w, https:\/\/www.roadtopastry.com\/blog\/wp-content\/uploads\/IMG_0402.jpg 640w\" sizes=\"(max-width: 300px) 100vw, 300px\" \/>                                        <\/a>\n                                    <\/div>\n                                    <div class=\"stepNumber\">\n                                        1                                    <\/div>\n                                    <div class=\"gmc-step-desc\" itemprop=\"recipeInstructions\">Heat the milk with half of the sugar and the vanilla bean in a saucepan                                    <\/div> \n                                <\/div>                         <!--<\/td>\n                    <\/tr>-->\n                                           <!--<tr>\n                        <td>-->\n                                                              <!--<td>-->\n\n                                <div id=\"gmc-step-list-title-wide\" class=\"stepBlock\">\t\n                                    <div class=\"stepImage\">\n                                        <a class=\"\" href=\"https:\/\/www.roadtopastry.com\/blog\/wp-content\/uploads\/IMG_0405.jpg\" rel=\"gmc-recipe-511\">\n                                            <img decoding=\"async\" src=\"https:\/\/www.roadtopastry.com\/blog\/wp-content\/uploads\/IMG_0405-300x200.jpg\" class=\"gmc-step-photo wp-post-image\" alt=\"\" srcset=\"https:\/\/www.roadtopastry.com\/blog\/wp-content\/uploads\/IMG_0405-300x200.jpg 300w, https:\/\/www.roadtopastry.com\/blog\/wp-content\/uploads\/IMG_0405.jpg 640w\" sizes=\"(max-width: 300px) 100vw, 300px\" \/>                                        <\/a>\n                                    <\/div>\n                                    <div class=\"stepNumber\">\n                                        2                                    <\/div>\n                                    <div class=\"gmc-step-desc\" itemprop=\"recipeInstructions\">In a bowl, whisk together the egg yolks, sugar and corn starch                                    <\/div> \n                                <\/div>                         <!--<\/td>\n                    <\/tr>-->\n                                           <!--<tr>\n                        <td>-->\n                                                              <!--<td>-->\n\n                                <div id=\"gmc-step-list-title-wide\" class=\"stepBlock\">\t\n                                    <div class=\"stepImage\">\n                                        <a class=\"\" href=\"https:\/\/www.roadtopastry.com\/blog\/wp-content\/uploads\/IMG_0412.jpg\" rel=\"gmc-recipe-511\">\n                                            <img decoding=\"async\" src=\"https:\/\/www.roadtopastry.com\/blog\/wp-content\/uploads\/IMG_0412-300x200.jpg\" class=\"gmc-step-photo wp-post-image\" alt=\"\" srcset=\"https:\/\/www.roadtopastry.com\/blog\/wp-content\/uploads\/IMG_0412-300x200.jpg 300w, https:\/\/www.roadtopastry.com\/blog\/wp-content\/uploads\/IMG_0412.jpg 640w\" sizes=\"(max-width: 300px) 100vw, 300px\" \/>                                        <\/a>\n                                    <\/div>\n                                    <div class=\"stepNumber\">\n                                        3                                    <\/div>\n                                    <div class=\"gmc-step-desc\" itemprop=\"recipeInstructions\">When the milk is boiling, pour it in three times over the egg mixture through a strainer and mix every time to prevent the yolks from curdling                                    <\/div> \n                                <\/div>                         <!--<\/td>\n                    <\/tr>-->\n                                           <!--<tr>\n                        <td>-->\n                                                              <!--<td>-->\n\n                                <div id=\"gmc-step-list-title-wide\" class=\"stepBlock\">\t\n                                    <div class=\"stepImage\">\n                                        <a class=\"\" href=\"https:\/\/www.roadtopastry.com\/blog\/wp-content\/uploads\/IMG_0415-1024x682.jpg\" rel=\"gmc-recipe-511\">\n                                            <img decoding=\"async\" src=\"https:\/\/www.roadtopastry.com\/blog\/wp-content\/uploads\/IMG_0415-300x200.jpg\" class=\"gmc-step-photo wp-post-image\" alt=\"\" srcset=\"https:\/\/www.roadtopastry.com\/blog\/wp-content\/uploads\/IMG_0415-300x200.jpg 300w, https:\/\/www.roadtopastry.com\/blog\/wp-content\/uploads\/IMG_0415-1024x682.jpg 1024w\" sizes=\"(max-width: 300px) 100vw, 300px\" \/>                                        <\/a>\n                                    <\/div>\n                                    <div class=\"stepNumber\">\n                                        4                                    <\/div>\n                                    <div class=\"gmc-step-desc\" itemprop=\"recipeInstructions\">Put back the liquid mixture into the saucepan and cook on medium heat whisking continuously                                    <\/div> \n                                <\/div>                         <!--<\/td>\n                    <\/tr>-->\n                                           <!--<tr>\n                        <td>-->\n                                                              <!--<td>-->\n\n                                <div id=\"gmc-step-list-title-wide\" class=\"stepBlock\">\t\n                                    <div class=\"stepImage\">\n                                        <a class=\"\" href=\"https:\/\/www.roadtopastry.com\/blog\/wp-content\/uploads\/IMG_0421-1024x682.jpg\" rel=\"gmc-recipe-511\">\n                                            <img decoding=\"async\" src=\"https:\/\/www.roadtopastry.com\/blog\/wp-content\/uploads\/IMG_0421-300x200.jpg\" class=\"gmc-step-photo wp-post-image\" alt=\"\" srcset=\"https:\/\/www.roadtopastry.com\/blog\/wp-content\/uploads\/IMG_0421-300x200.jpg 300w, https:\/\/www.roadtopastry.com\/blog\/wp-content\/uploads\/IMG_0421-1024x682.jpg 1024w\" sizes=\"(max-width: 300px) 100vw, 300px\" \/>                                        <\/a>\n                                    <\/div>\n                                    <div class=\"stepNumber\">\n                                        5                                    <\/div>\n                                    <div class=\"gmc-step-desc\" itemprop=\"recipeInstructions\">Allow the pastry cream to boil for 2 minutes then remove from the heat, add the diced butter and whisk again until it is fully incorporated                                    <\/div> \n                                <\/div>                         <!--<\/td>\n                    <\/tr>-->\n                                           <!--<tr>\n                        <td>-->\n                                                              <!--<td>-->\n\n                                <div id=\"gmc-step-list-title-wide\" class=\"stepBlock\">\t\n                                    <div class=\"stepImage\">\n                                        <a class=\"\" href=\"https:\/\/www.roadtopastry.com\/blog\/wp-content\/uploads\/IMG_0426-1024x682.jpg\" rel=\"gmc-recipe-511\">\n                                            <img decoding=\"async\" src=\"https:\/\/www.roadtopastry.com\/blog\/wp-content\/uploads\/IMG_0426-300x200.jpg\" class=\"gmc-step-photo wp-post-image\" alt=\"\" srcset=\"https:\/\/www.roadtopastry.com\/blog\/wp-content\/uploads\/IMG_0426-300x200.jpg 300w, https:\/\/www.roadtopastry.com\/blog\/wp-content\/uploads\/IMG_0426-1024x682.jpg 1024w\" sizes=\"(max-width: 300px) 100vw, 300px\" \/>                                        <\/a>\n                                    <\/div>\n                                    <div class=\"stepNumber\">\n                                        6                                    <\/div>\n                                    <div class=\"gmc-step-desc\" itemprop=\"recipeInstructions\">Pour the hot pastry cream in a large container                                    <\/div> \n                                <\/div>                         <!--<\/td>\n                    <\/tr>-->\n                                           <!--<tr>\n                        <td>-->\n                                                              <!--<td>-->\n\n                                <div id=\"gmc-step-list-title-wide\" class=\"stepBlock\">\t\n                                    <div class=\"stepImage\">\n                                        <a class=\"\" href=\"https:\/\/www.roadtopastry.com\/blog\/wp-content\/uploads\/IMG_0427-1024x682.jpg\" rel=\"gmc-recipe-511\">\n                                            <img decoding=\"async\" src=\"https:\/\/www.roadtopastry.com\/blog\/wp-content\/uploads\/IMG_0427-300x200.jpg\" class=\"gmc-step-photo wp-post-image\" alt=\"\" srcset=\"https:\/\/www.roadtopastry.com\/blog\/wp-content\/uploads\/IMG_0427-300x200.jpg 300w, https:\/\/www.roadtopastry.com\/blog\/wp-content\/uploads\/IMG_0427-1024x682.jpg 1024w\" sizes=\"(max-width: 300px) 100vw, 300px\" \/>                                        <\/a>\n                                    <\/div>\n                                    <div class=\"stepNumber\">\n                                        7                                    <\/div>\n                                    <div class=\"gmc-step-desc\" itemprop=\"recipeInstructions\">Cover the pastry cream with the remaining part of the plastic wrap and store in the fridge                                    <\/div> \n                                <\/div>                         <!--<\/td>\n                    <\/tr>-->\n                               <\/div>\n    \t\n\t\t\t\n\t\n\t\t\t  \n\t\n\t\t\t<div class=\"notes\">\n\t\t\t\t<h3 class=\"gmc-recipe-subtitle\">Note<\/h3>    \t\t<ul>\n<li>Creams with <strong>milk and eggs<\/strong> are <strong>very perishable<\/strong> and must therefore always be <strong>stored in the fridge<\/strong> until use. The same applies to product that contain creams (e.g. tarts)<\/li>\n<li>As soon as a pastry cream is prepared, <strong>its temperature should drop\u00a0 to 1\u00b0-4\u00b0 C in the shortest amount of time<\/strong> to prevent bacteria from forming: for this reason, the <strong>optional steps 6 and 7<\/strong> provide a way to chill the cream in a fast way: spreading the cream on a thin layer in a plastic wrap will chill it quickly and will <strong>prevent a thick skin from forming<\/strong>.<\/li>\n<li>You must be <strong>careful<\/strong> when you mix the <strong>hot milk with eggs<\/strong>: at all times there is a <strong>risk of curdling<\/strong> <em>(you don't want scrambled eggs, do you?)<\/em>, so make sure you <strong>whisk vigorously<\/strong> and constantly.<\/li>\n<li>The <strong>milk<\/strong> should come to a <strong>boil<\/strong> relatively <strong>slowly<\/strong>: it is important to let the <strong>vanilla bean infuse<\/strong>, so the longer the time, <strong>the stronger the flavour<\/strong>. The \"<strong>black dots<\/strong>\" (vanilla seeds) you find in commercial products are always <strong>a sign of quality<\/strong>, meaning that <strong>real vanilla was used<\/strong> and not artificial flavourings.<\/li>\n<li>Of course this is only the recipe of the <strong>standard pastry cream with vanilla<\/strong>, but <strong>you can use other flavours<\/strong> according to your taste: dark, milk or white chocolate, coffee, tea, ginger, pistachios, liqueurs, etc...<\/li>\n<\/ul>\n<\/div>                \n\n<\/div>\n\n    \n","protected":false},"excerpt":{"rendered":"<p>The queen of all creams is pastry cream. It is a stirred custard and its standard version requires the use of vanilla as flavouring. In a few words, the vanilla bean is infused in the hot milk which is used to temper a mixture of egg yolks, sugar and starch: the resulting mixture is put<\/p>\n","protected":false},"author":1,"featured_media":0,"parent":0,"menu_order":0,"comment_status":"open","ping_status":"open","template":"","meta":{"_exactmetrics_skip_tracking":false,"_exactmetrics_sitenote_active":false,"_exactmetrics_sitenote_note":"","_exactmetrics_sitenote_category":0,"footnotes":""},"class_list":["post-537","page","type-page","status-publish","hentry"],"_links":{"self":[{"href":"https:\/\/www.roadtopastry.com\/blog\/wp-json\/wp\/v2\/pages\/537","targetHints":{"allow":["GET"]}}],"collection":[{"href":"https:\/\/www.roadtopastry.com\/blog\/wp-json\/wp\/v2\/pages"}],"about":[{"href":"https:\/\/www.roadtopastry.com\/blog\/wp-json\/wp\/v2\/types\/page"}],"author":[{"embeddable":true,"href":"https:\/\/www.roadtopastry.com\/blog\/wp-json\/wp\/v2\/users\/1"}],"replies":[{"embeddable":true,"href":"https:\/\/www.roadtopastry.com\/blog\/wp-json\/wp\/v2\/comments?post=537"}],"version-history":[{"count":0,"href":"https:\/\/www.roadtopastry.com\/blog\/wp-json\/wp\/v2\/pages\/537\/revisions"}],"wp:attachment":[{"href":"https:\/\/www.roadtopastry.com\/blog\/wp-json\/wp\/v2\/media?parent=537"}],"curies":[{"name":"wp","href":"https:\/\/api.w.org\/{rel}","templated":true}]}}